{"id":9551,"date":"2024-01-08T15:22:30","date_gmt":"2024-01-08T14:22:30","guid":{"rendered":"https:\/\/hanniline.at\/malvorlagen\/"},"modified":"2024-10-25T20:53:36","modified_gmt":"2024-10-25T18:53:36","slug":"malvorlagen","status":"publish","type":"page","link":"https:\/\/hanniline.at\/fr\/malvorlagen\/","title":{"rendered":"Mod\u00e8les \u00e0 colorier"},"content":{"rendered":"<h1>\n<p>Mod\u00e8les \u00e0 colorier<\/p>\n<\/h1>\n<div>\n<p><span>Enregistre les mod\u00e8les de coloriage (pdf) et imprime-les de pr\u00e9f\u00e9rence sur une feuille A4. Vous pouvez soit utiliser la carte des sentiments correspondante comme guide pour les couleurs, soit colorier le mod\u00e8le comme bon vous semble. Amuse-toi bien !<\/span><\/p>\n<\/div>\n<ul>\n<li>\n<p><img decoding=\"async\" src=\"\/wp-content\/uploads\/2023\/08\/angeekelt_sit.jpg\" alt=\"\"><\/p>\n<h3>d\u00e9go\u00fbt\u00e9<\/h3>\n<p><a href=\"\/wp-content\/uploads\/2023\/08\/HANNIline-angeekelt-_klein_sit.pdf\"><\/a><\/p>\n<\/li>\n<li>\n<p><img decoding=\"async\" src=\"\/wp-content\/uploads\/2023\/08\/aengstlich-1.jpg\" alt=\"\"><\/p>\n<h3>apeur\u00e9e<\/h3>\n<p><a href=\"\/wp-content\/uploads\/2023\/08\/HANNIline-aengstlich-_klein_sit.pdf\"><\/a><\/p>\n<\/li>\n<li>\n<p><img decoding=\"async\" src=\"\/wp-content\/uploads\/2023\/08\/beschaemt-1.jpg\" alt=\"\"><\/p>\n<h3>honteuse<\/h3>\n<p><a href=\"\/wp-content\/uploads\/2023\/08\/HANNIline-beschaemt-_klein_sit.pdf\"><\/a><\/p>\n<\/li>\n<li>\n<p><img decoding=\"async\" src=\"\/wp-content\/uploads\/2023\/08\/entspannt_sit.jpg\" alt=\"\"><\/p>\n<h3>relax\u00e9<\/h3>\n<p><a href=\"https:\/\/hanniline.at\/wp-content\/uploads\/2023\/08\/HANNIline-Malvorlage-Situation-entspannt_klein.pdf\"><\/a><\/p>\n<\/li>\n<li>\n<p><img decoding=\"async\" src=\"\/wp-content\/uploads\/2023\/08\/gelangweilt_sit.jpg\" alt=\"\"><\/p>\n<h3>ennuy\u00e9 <\/h3>\n<p><a href=\"\/wp-content\/uploads\/2023\/08\/HANNIline-gelangweilt-_klein_sit.pdf\"><\/a><\/p>\n<\/li>\n<li>\n<p><img decoding=\"async\" src=\"\/wp-content\/uploads\/2023\/08\/glucklich_sit.jpg\" alt=\"\"><\/p>\n<h3>heureux<\/h3>\n<p><a href=\"https:\/\/hanniline.at\/wp-content\/uploads\/2023\/08\/HANNIline-Malvorlage-Situation-gluecklich_klein-1.pdf\"><\/a><\/p>\n<\/li>\n<li>\n<p><img decoding=\"async\" src=\"\/wp-content\/uploads\/2023\/08\/neugierig_sit.jpg\" alt=\"\"><\/p>\n<h3>curieux<\/h3>\n<p><a href=\"\/wp-content\/uploads\/2023\/08\/HANNIline-neugierig_klein_sit.pdf\"><\/a><\/p>\n<\/li>\n<li>\n<p><img decoding=\"async\" src=\"\/wp-content\/uploads\/2023\/08\/traurig_sit.jpg\" alt=\"\"><\/p>\n<h3>triste<\/h3>\n<p><a href=\"\/wp-content\/uploads\/2023\/08\/HANNIline-traurig_klein_sit.pdf\"><\/a><\/p>\n<\/li>\n<li>\n<p><img decoding=\"async\" src=\"\/wp-content\/uploads\/2023\/08\/ueberrascht_sit.jpg\" alt=\"\"><\/p>\n<h3>surpris<\/h3>\n<p><a href=\"\/wp-content\/uploads\/2023\/08\/HANNIline-ueberrascht_-_klein_sit.pdf\"><\/a><\/p>\n<\/li>\n<li>\n<p><img decoding=\"async\" src=\"\/wp-content\/uploads\/2023\/08\/wuetend_sit.jpg\" alt=\"\"><\/p>\n<h3>en col\u00e8re<\/h3>\n<p><a href=\"\/wp-content\/uploads\/2023\/08\/HANNIline-wuetend-_klein_sit.pdf\"><\/a><\/p>\n<\/li>\n<\/ul>\n<ul>\n<li>\n<p><img decoding=\"async\" src=\"\/wp-content\/uploads\/2023\/08\/Luca_Begeistert.jpg\" alt=\"\"><\/p>\n<h3>enthousiaste<\/h3>\n<p><a href=\"\/wp-content\/uploads\/2023\/08\/Luca_Begeistert_Malbuch.pdf\"><\/a><\/p>\n<\/li>\n<li>\n<p><img decoding=\"async\" src=\"\/wp-content\/uploads\/2023\/08\/Luca_beleidigt.jpg\" alt=\"\"><\/p>\n<h3>vex\u00e9<\/h3>\n<p><a href=\"\/wp-content\/uploads\/2023\/08\/Luca_beleidigt_Malbuch.pdf\"><\/a><\/p>\n<\/li>\n<li>\n<p><img decoding=\"async\" src=\"\/wp-content\/uploads\/2023\/08\/Lilli_besorgt.jpg\" alt=\"\"><\/p>\n<h3>inqui\u00e8te<\/h3>\n<p><a href=\"\/wp-content\/uploads\/2023\/08\/Lilli_besorgt_Malbuch.pdf\"><\/a><\/p>\n<\/li>\n<li>\n<p><img decoding=\"async\" src=\"\/wp-content\/uploads\/2023\/08\/Enttaeuscht-1.jpg\" alt=\"\"><\/p>\n<h3>d\u00e9\u00e7ue<\/h3>\n<p><a href=\"\/wp-content\/uploads\/2023\/08\/Klara_enttaeuscht_Malbuch.pdf\"><\/a><\/p>\n<\/li>\n<li>\n<p><img decoding=\"async\" src=\"\/wp-content\/uploads\/2023\/08\/Lilli_Eifersuechtig.jpg\" alt=\"\"><\/p>\n<h3>jalouse<\/h3>\n<p><a href=\"\/wp-content\/uploads\/2023\/08\/Lilli_eifersuechtig_Malbuch.pdf\"><\/a><\/p>\n<\/li>\n<li>\n<p><img decoding=\"async\" src=\"\/wp-content\/uploads\/2023\/08\/Simon_erschrocken.jpg\" alt=\"\"><\/p>\n<h3>effray\u00e9<\/h3>\n<p><a href=\"\/wp-content\/uploads\/2023\/08\/Simon_erschrocken_Malbuch.pdf\"><\/a><\/p>\n<\/li>\n<li>\n<p><img decoding=\"async\" src=\"\/wp-content\/uploads\/2023\/08\/Klara_Gestresst.jpg\" alt=\"\"><\/p>\n<h3>stress\u00e9e<\/h3>\n<p><a href=\"\/wp-content\/uploads\/2023\/08\/Klara_gestresst_Malbuch-1.pdf\"><\/a><\/p>\n<\/li>\n<li>\n<p><img decoding=\"async\" src=\"\/wp-content\/uploads\/2023\/08\/Lilli_Mutig.jpg\" alt=\"\"><\/p>\n<h3>courageuse<\/h3>\n<p><a href=\"\/wp-content\/uploads\/2023\/08\/Lilli_mutig_Malbuch.pdf\"><\/a><\/p>\n<\/li>\n<li>\n<p><img decoding=\"async\" src=\"\/wp-content\/uploads\/2023\/08\/Klara_muede.jpg\" alt=\"\"><\/p>\n<h3>fatigu\u00e9e<\/h3>\n<p><a href=\"\/wp-content\/uploads\/2023\/08\/Klara_muede_Malbuch.pdf\"><\/a><\/p>\n<\/li>\n<li>\n<p><img decoding=\"async\" src=\"\/wp-content\/uploads\/2023\/08\/Luca_nervoes.jpg\" alt=\"\"><\/p>\n<h3>nerveux<\/h3>\n<p><a href=\"\/wp-content\/uploads\/2023\/08\/Luca_nervous_Malbuch.pdf\"><\/a><\/p>\n<\/li>\n<li>\n<p><img decoding=\"async\" src=\"\/wp-content\/uploads\/2023\/08\/Simon_stolz.jpg\" alt=\"\"><\/p>\n<h3>fier<\/h3>\n<p><a href=\"\/wp-content\/uploads\/2023\/08\/Simon_Stolz_Malbuch.pdf\"><\/a><\/p>\n<\/li>\n<li>\n<p><img decoding=\"async\" src=\"\/wp-content\/uploads\/2023\/08\/Simon_verliebt.jpg\" alt=\"\"><\/p>\n<h3>amoureux<\/h3>\n<p><a href=\"\/wp-content\/uploads\/2023\/08\/Simon_verliebt_Malbuch.pdf\"><\/a><\/p>\n<\/li>\n<\/ul>\n<p><!--more--><br \/>\n<!-- {\"type\":\"layout\",\"children\":[{\"type\":\"section\",\"props\":{\"class\":\"hanni-sub-hero\",\"header_transparent_noplaceholder\":true,\"image_position\":\"center-center\",\"padding_remove_bottom\":false,\"padding_remove_horizontal\":false,\"padding_remove_top\":true,\"style\":\"default\",\"title_breakpoint\":\"xl\",\"title_position\":\"top-left\",\"title_rotation\":\"left\",\"vertical_align\":\"\",\"width\":\"\",\"width_expand\":\"left\"},\"children\":[{\"type\":\"row\",\"props\":{\"width\":\"xsmall\"},\"children\":[{\"type\":\"column\",\"props\":{\"image_position\":\"center-center\",\"position_sticky_breakpoint\":\"m\"},\"children\":[{\"type\":\"headline\",\"props\":{\"block_align\":\"center\",\"content\":\"\n\n<p>Mod\\u00e8les \\u00e0 colorier<\\\/p>\",\"margin\":\"small\",\"margin_remove_bottom\":true,\"text_align\":\"center\",\"title_color\":\"emphasis\",\"title_element\":\"h1\"}},{\"type\":\"text\",\"props\":{\"column_breakpoint\":\"m\",\"content\":\"\n\n<p><span>Enregistre les mod\\u00e8les de coloriage (pdf) et imprime-les de pr\\u00e9f\\u00e9rence sur une feuille A4. Vous pouvez soit utiliser la carte des sentiments correspondante comme guide pour les couleurs, soit colorier le mod\\u00e8le comme bon vous semble. Amuse-toi bien !<\\\/span><\\\/p>\",\"margin\":\"default\",\"text_align\":\"center\",\"text_style\":\"lead\"}}]}]}],\"name\":\"Sub-Hero\"},{\"type\":\"section\",\"props\":{\"animation\":\"fade\",\"image_position\":\"center-center\",\"padding\":\"large\",\"padding_remove_top\":true,\"style\":\"default\",\"title_breakpoint\":\"xl\",\"title_position\":\"top-left\",\"title_rotation\":\"left\",\"vertical_align\":\"\",\"width\":\"default\"},\"children\":[{\"type\":\"row\",\"children\":[{\"type\":\"column\",\"props\":{\"image_position\":\"center-center\",\"position_sticky_breakpoint\":\"m\"},\"children\":[{\"type\":\"grid\",\"props\":{\"content_column_breakpoint\":\"m\",\"content_margin\":\"small\",\"filter_align\":\"left\",\"filter_all\":true,\"filter_grid_breakpoint\":\"m\",\"filter_grid_width\":\"auto\",\"filter_position\":\"top\",\"filter_style\":\"tab\",\"grid_default\":\"2\",\"grid_medium\":\"5\",\"grid_row_gap\":\"large\",\"grid_small\":\"3\",\"icon_width\":80,\"image_align\":\"top\",\"image_grid_breakpoint\":\"m\",\"image_grid_width\":\"1-2\",\"image_link\":false,\"image_svg_color\":\"emphasis\",\"image_transition\":\"scale-up\",\"item_animation\":true,\"link_style\":\"default\",\"link_target\":true,\"link_text\":\"\",\"margin\":\"medium\",\"meta_align\":\"below-title\",\"meta_element\":\"div\",\"meta_style\":\"text-meta\",\"panel_image_no_padding\":true,\"panel_link\":true,\"panel_style\":\"card-primary\",\"show_content\":true,\"show_image\":true,\"show_link\":true,\"show_meta\":true,\"show_title\":true,\"text_align\":\"center\",\"title_align\":\"top\",\"title_color\":\"emphasis\",\"title_element\":\"h3\",\"title_grid_breakpoint\":\"m\",\"title_grid_width\":\"1-2\",\"title_hover_style\":\"reset\",\"title_style\":\"h3\"},\"source\":{\"props\":{\"_condition\":{\"filters\":{\"condition\":\"=\"},\"name\":\"field.hanni_beitrag_top\"}}},\"children\":[{\"type\":\"grid_item\",\"props\":{\"content\":\"\",\"image\":\"wp-content\\\/uploads\\\/2023\\\/08\\\/angeekelt_sit.jpg\",\"link\":\"wp-content\\\/uploads\\\/2023\\\/08\\\/HANNIline-angeekelt-_klein_sit.pdf\",\"title\":\"d\\u00e9go\\u00fbt\\u00e9\"}},{\"type\":\"grid_item\",\"props\":{\"image\":\"wp-content\\\/uploads\\\/2023\\\/08\\\/aengstlich-1.jpg\",\"link\":\"wp-content\\\/uploads\\\/2023\\\/08\\\/HANNIline-aengstlich-_klein_sit.pdf\",\"title\":\"apeur\\u00e9e\"}},{\"type\":\"grid_item\",\"props\":{\"image\":\"wp-content\\\/uploads\\\/2023\\\/08\\\/beschaemt-1.jpg\",\"link\":\"wp-content\\\/uploads\\\/2023\\\/08\\\/HANNIline-beschaemt-_klein_sit.pdf\",\"title\":\"honteuse\"}},{\"type\":\"grid_item\",\"props\":{\"image\":\"wp-content\\\/uploads\\\/2023\\\/08\\\/entspannt_sit.jpg\",\"link\":\"https:\\\/\\\/hanniline.at\\\/wp-content\\\/uploads\\\/2023\\\/08\\\/HANNIline-Malvorlage-Situation-entspannt_klein.pdf\",\"title\":\"relax\\u00e9\"}},{\"type\":\"grid_item\",\"props\":{\"image\":\"wp-content\\\/uploads\\\/2023\\\/08\\\/gelangweilt_sit.jpg\",\"link\":\"wp-content\\\/uploads\\\/2023\\\/08\\\/HANNIline-gelangweilt-_klein_sit.pdf\",\"title\":\"ennuy\\u00e9 \"}},{\"type\":\"grid_item\",\"props\":{\"image\":\"wp-content\\\/uploads\\\/2023\\\/08\\\/glucklich_sit.jpg\",\"link\":\"https:\\\/\\\/hanniline.at\\\/wp-content\\\/uploads\\\/2023\\\/08\\\/HANNIline-Malvorlage-Situation-gluecklich_klein-1.pdf\",\"title\":\"heureux\"}},{\"type\":\"grid_item\",\"props\":{\"image\":\"wp-content\\\/uploads\\\/2023\\\/08\\\/neugierig_sit.jpg\",\"link\":\"wp-content\\\/uploads\\\/2023\\\/08\\\/HANNIline-neugierig_klein_sit.pdf\",\"title\":\"curieux\"}},{\"type\":\"grid_item\",\"props\":{\"image\":\"wp-content\\\/uploads\\\/2023\\\/08\\\/traurig_sit.jpg\",\"link\":\"wp-content\\\/uploads\\\/2023\\\/08\\\/HANNIline-traurig_klein_sit.pdf\",\"title\":\"triste\"}},{\"type\":\"grid_item\",\"props\":{\"image\":\"wp-content\\\/uploads\\\/2023\\\/08\\\/ueberrascht_sit.jpg\",\"link\":\"wp-content\\\/uploads\\\/2023\\\/08\\\/HANNIline-ueberrascht_-_klein_sit.pdf\",\"title\":\"surpris\"}},{\"type\":\"grid_item\",\"props\":{\"image\":\"wp-content\\\/uploads\\\/2023\\\/08\\\/wuetend_sit.jpg\",\"link\":\"wp-content\\\/uploads\\\/2023\\\/08\\\/HANNIline-wuetend-_klein_sit.pdf\",\"title\":\"en col\\u00e8re\"}}]},{\"type\":\"grid\",\"props\":{\"content_column_breakpoint\":\"m\",\"content_margin\":\"small\",\"filter_align\":\"left\",\"filter_all\":true,\"filter_grid_breakpoint\":\"m\",\"filter_grid_width\":\"auto\",\"filter_position\":\"top\",\"filter_style\":\"tab\",\"grid_default\":\"2\",\"grid_medium\":\"5\",\"grid_row_gap\":\"large\",\"grid_small\":\"3\",\"icon_width\":80,\"image_align\":\"top\",\"image_grid_breakpoint\":\"m\",\"image_grid_width\":\"1-2\",\"image_link\":false,\"image_svg_color\":\"emphasis\",\"image_transition\":\"scale-up\",\"item_animation\":true,\"link_style\":\"default\",\"link_target\":true,\"link_text\":\"\",\"margin\":\"medium\",\"meta_align\":\"below-title\",\"meta_element\":\"div\",\"meta_style\":\"text-meta\",\"panel_image_no_padding\":true,\"panel_link\":true,\"panel_style\":\"card-primary\",\"show_content\":true,\"show_image\":true,\"show_link\":true,\"show_meta\":true,\"show_title\":true,\"text_align\":\"center\",\"title_align\":\"top\",\"title_color\":\"emphasis\",\"title_element\":\"h3\",\"title_grid_breakpoint\":\"m\",\"title_grid_width\":\"1-2\",\"title_hover_style\":\"reset\",\"title_style\":\"h3\"},\"source\":{\"props\":{\"_condition\":{\"filters\":{\"condition\":\"=\"},\"name\":\"field.hanni_beitrag_top\"}}},\"children\":[{\"type\":\"grid_item\",\"props\":{\"image\":\"wp-content\\\/uploads\\\/2023\\\/08\\\/Luca_Begeistert.jpg\",\"link\":\"wp-content\\\/uploads\\\/2023\\\/08\\\/Luca_Begeistert_Malbuch.pdf\",\"title\":\"enthousiaste\"}},{\"type\":\"grid_item\",\"props\":{\"image\":\"wp-content\\\/uploads\\\/2023\\\/08\\\/Luca_beleidigt.jpg\",\"link\":\"wp-content\\\/uploads\\\/2023\\\/08\\\/Luca_beleidigt_Malbuch.pdf\",\"title\":\"vex\\u00e9\"}},{\"type\":\"grid_item\",\"props\":{\"image\":\"wp-content\\\/uploads\\\/2023\\\/08\\\/Lilli_besorgt.jpg\",\"link\":\"wp-content\\\/uploads\\\/2023\\\/08\\\/Lilli_besorgt_Malbuch.pdf\",\"title\":\"inqui\\u00e8te\"}},{\"type\":\"grid_item\",\"props\":{\"image\":\"wp-content\\\/uploads\\\/2023\\\/08\\\/Enttaeuscht-1.jpg\",\"link\":\"wp-content\\\/uploads\\\/2023\\\/08\\\/Klara_enttaeuscht_Malbuch.pdf\",\"title\":\"d\\u00e9\\u00e7ue\"}},{\"type\":\"grid_item\",\"props\":{\"image\":\"wp-content\\\/uploads\\\/2023\\\/08\\\/Lilli_Eifersuechtig.jpg\",\"link\":\"wp-content\\\/uploads\\\/2023\\\/08\\\/Lilli_eifersuechtig_Malbuch.pdf\",\"title\":\"jalouse\"}},{\"type\":\"grid_item\",\"props\":{\"content\":\"\",\"image\":\"wp-content\\\/uploads\\\/2023\\\/08\\\/Simon_erschrocken.jpg\",\"link\":\"wp-content\\\/uploads\\\/2023\\\/08\\\/Simon_erschrocken_Malbuch.pdf\",\"title\":\"effray\\u00e9\"}},{\"type\":\"grid_item\",\"props\":{\"image\":\"wp-content\\\/uploads\\\/2023\\\/08\\\/Klara_Gestresst.jpg\",\"link\":\"wp-content\\\/uploads\\\/2023\\\/08\\\/Klara_gestresst_Malbuch-1.pdf\",\"title\":\"stress\\u00e9e\"}},{\"type\":\"grid_item\",\"props\":{\"image\":\"wp-content\\\/uploads\\\/2023\\\/08\\\/Lilli_Mutig.jpg\",\"link\":\"wp-content\\\/uploads\\\/2023\\\/08\\\/Lilli_mutig_Malbuch.pdf\",\"title\":\"courageuse\"}},{\"type\":\"grid_item\",\"props\":{\"image\":\"wp-content\\\/uploads\\\/2023\\\/08\\\/Klara_muede.jpg\",\"link\":\"wp-content\\\/uploads\\\/2023\\\/08\\\/Klara_muede_Malbuch.pdf\",\"title\":\"fatigu\\u00e9e\"}},{\"type\":\"grid_item\",\"props\":{\"image\":\"wp-content\\\/uploads\\\/2023\\\/08\\\/Luca_nervoes.jpg\",\"link\":\"wp-content\\\/uploads\\\/2023\\\/08\\\/Luca_nervous_Malbuch.pdf\",\"title\":\"nerveux\"}},{\"type\":\"grid_item\",\"props\":{\"image\":\"wp-content\\\/uploads\\\/2023\\\/08\\\/Simon_stolz.jpg\",\"link\":\"wp-content\\\/uploads\\\/2023\\\/08\\\/Simon_Stolz_Malbuch.pdf\",\"title\":\"fier\"}},{\"type\":\"grid_item\",\"props\":{\"image\":\"wp-content\\\/uploads\\\/2023\\\/08\\\/Simon_verliebt.jpg\",\"link\":\"wp-content\\\/uploads\\\/2023\\\/08\\\/Simon_verliebt_Malbuch.pdf\",\"title\":\"amoureux\"}}]}]}]}]}],\"version\":\"4.4.8\"} --><\/p>\n","protected":false},"excerpt":{"rendered":"<p>Mod\u00e8les \u00e0 colorier Enregistre les mod\u00e8les de coloriage (pdf) et imprime-les de pr\u00e9f\u00e9rence sur une feuille A4. Vous pouvez soit utiliser la carte des sentiments correspondante comme guide pour les couleurs, soit colorier le mod\u00e8le comme bon vous semble. Amuse-toi bien ! d\u00e9go\u00fbt\u00e9 apeur\u00e9e honteuse relax\u00e9 ennuy\u00e9 heureux curieux triste surpris en col\u00e8re enthousiaste vex\u00e9 [&hellip;]<\/p>\n","protected":false},"author":2,"featured_media":0,"parent":0,"menu_order":1,"comment_status":"closed","ping_status":"closed","template":"","meta":{"_acf_changed":false,"footnotes":""},"class_list":["post-9551","page","type-page","status-publish","hentry"],"acf":[],"yoast_head":"<!-- This site is optimized with the Yoast SEO plugin v27.5 - https:\/\/yoast.com\/product\/yoast-seo-wordpress\/ -->\n<title>Mod\u00e8les \u00e0 colorier - HANNIline<\/title>\n<meta name=\"robots\" content=\"index, follow, max-snippet:-1, max-image-preview:large, max-video-preview:-1\" \/>\n<link rel=\"canonical\" href=\"https:\/\/hanniline.at\/fr\/malvorlagen\/\" \/>\n<meta property=\"og:locale\" content=\"fr_FR\" \/>\n<meta property=\"og:type\" content=\"article\" \/>\n<meta property=\"og:title\" content=\"Mod\u00e8les \u00e0 colorier - HANNIline\" \/>\n<meta property=\"og:description\" content=\"Mod\u00e8les \u00e0 colorier Enregistre les mod\u00e8les de coloriage (pdf) et imprime-les de pr\u00e9f\u00e9rence sur une feuille A4. Vous pouvez soit utiliser la carte des sentiments correspondante comme guide pour les couleurs, soit colorier le mod\u00e8le comme bon vous semble. Amuse-toi bien ! d\u00e9go\u00fbt\u00e9 apeur\u00e9e honteuse relax\u00e9 ennuy\u00e9 heureux curieux triste surpris en col\u00e8re enthousiaste vex\u00e9 [&hellip;]\" \/>\n<meta property=\"og:url\" content=\"https:\/\/hanniline.at\/fr\/malvorlagen\/\" \/>\n<meta property=\"og:site_name\" content=\"HANNIline\" \/>\n<meta property=\"article:publisher\" content=\"https:\/\/www.facebook.com\/HANNIline.family\" \/>\n<meta property=\"article:modified_time\" content=\"2024-10-25T18:53:36+00:00\" \/>\n<meta property=\"og:image\" content=\"https:\/\/hanniline.at\/wp-content\/uploads\/2023\/07\/socialmedia-preview-HANNIline.jpg\" \/>\n\t<meta property=\"og:image:width\" content=\"1200\" \/>\n\t<meta property=\"og:image:height\" content=\"600\" \/>\n\t<meta property=\"og:image:type\" content=\"image\/jpeg\" \/>\n<meta name=\"twitter:card\" content=\"summary_large_image\" \/>\n<meta name=\"twitter:label1\" content=\"Dur\u00e9e de lecture estim\u00e9e\" \/>\n\t<meta name=\"twitter:data1\" content=\"5 minutes\" \/>\n<script type=\"application\/ld+json\" class=\"yoast-schema-graph\">{\"@context\":\"https:\\\/\\\/schema.org\",\"@graph\":[{\"@type\":\"WebPage\",\"@id\":\"https:\\\/\\\/hanniline.at\\\/fr\\\/malvorlagen\\\/\",\"url\":\"https:\\\/\\\/hanniline.at\\\/fr\\\/malvorlagen\\\/\",\"name\":\"Mod\u00e8les \u00e0 colorier - HANNIline\",\"isPartOf\":{\"@id\":\"https:\\\/\\\/hanniline.at\\\/fr\\\/#website\"},\"datePublished\":\"2024-01-08T14:22:30+00:00\",\"dateModified\":\"2024-10-25T18:53:36+00:00\",\"breadcrumb\":{\"@id\":\"https:\\\/\\\/hanniline.at\\\/fr\\\/malvorlagen\\\/#breadcrumb\"},\"inLanguage\":\"fr-FR\",\"potentialAction\":[{\"@type\":\"ReadAction\",\"target\":[\"https:\\\/\\\/hanniline.at\\\/fr\\\/malvorlagen\\\/\"]}]},{\"@type\":\"BreadcrumbList\",\"@id\":\"https:\\\/\\\/hanniline.at\\\/fr\\\/malvorlagen\\\/#breadcrumb\",\"itemListElement\":[{\"@type\":\"ListItem\",\"position\":1,\"name\":\"Startseite\",\"item\":\"https:\\\/\\\/hanniline.at\\\/fr\\\/\"},{\"@type\":\"ListItem\",\"position\":2,\"name\":\"Mod\u00e8les \u00e0 colorier\"}]},{\"@type\":\"WebSite\",\"@id\":\"https:\\\/\\\/hanniline.at\\\/fr\\\/#website\",\"url\":\"https:\\\/\\\/hanniline.at\\\/fr\\\/\",\"name\":\"HANNIline\",\"description\":\"p\u00e4dagogisch wertvolles Spielzeug f\u00fcr Babys und Kinder\",\"publisher\":{\"@id\":\"https:\\\/\\\/hanniline.at\\\/fr\\\/#organization\"},\"potentialAction\":[{\"@type\":\"SearchAction\",\"target\":{\"@type\":\"EntryPoint\",\"urlTemplate\":\"https:\\\/\\\/hanniline.at\\\/fr\\\/?s={search_term_string}\"},\"query-input\":{\"@type\":\"PropertyValueSpecification\",\"valueRequired\":true,\"valueName\":\"search_term_string\"}}],\"inLanguage\":\"fr-FR\"},{\"@type\":\"Organization\",\"@id\":\"https:\\\/\\\/hanniline.at\\\/fr\\\/#organization\",\"name\":\"HANNIline\",\"url\":\"https:\\\/\\\/hanniline.at\\\/fr\\\/\",\"logo\":{\"@type\":\"ImageObject\",\"inLanguage\":\"fr-FR\",\"@id\":\"https:\\\/\\\/hanniline.at\\\/fr\\\/#\\\/schema\\\/logo\\\/image\\\/\",\"url\":\"https:\\\/\\\/hanniline.at\\\/wp-content\\\/uploads\\\/2023\\\/06\\\/HANNIline-logo.svg\",\"contentUrl\":\"https:\\\/\\\/hanniline.at\\\/wp-content\\\/uploads\\\/2023\\\/06\\\/HANNIline-logo.svg\",\"width\":1,\"height\":1,\"caption\":\"HANNIline\"},\"image\":{\"@id\":\"https:\\\/\\\/hanniline.at\\\/fr\\\/#\\\/schema\\\/logo\\\/image\\\/\"},\"sameAs\":[\"https:\\\/\\\/www.facebook.com\\\/HANNIline.family\",\"https:\\\/\\\/www.instagram.com\\\/hanniline.family\"]}]}<\/script>\n<!-- \/ Yoast SEO plugin. -->","yoast_head_json":{"title":"Mod\u00e8les \u00e0 colorier - HANNIline","robots":{"index":"index","follow":"follow","max-snippet":"max-snippet:-1","max-image-preview":"max-image-preview:large","max-video-preview":"max-video-preview:-1"},"canonical":"https:\/\/hanniline.at\/fr\/malvorlagen\/","og_locale":"fr_FR","og_type":"article","og_title":"Mod\u00e8les \u00e0 colorier - HANNIline","og_description":"Mod\u00e8les \u00e0 colorier Enregistre les mod\u00e8les de coloriage (pdf) et imprime-les de pr\u00e9f\u00e9rence sur une feuille A4. Vous pouvez soit utiliser la carte des sentiments correspondante comme guide pour les couleurs, soit colorier le mod\u00e8le comme bon vous semble. Amuse-toi bien ! d\u00e9go\u00fbt\u00e9 apeur\u00e9e honteuse relax\u00e9 ennuy\u00e9 heureux curieux triste surpris en col\u00e8re enthousiaste vex\u00e9 [&hellip;]","og_url":"https:\/\/hanniline.at\/fr\/malvorlagen\/","og_site_name":"HANNIline","article_publisher":"https:\/\/www.facebook.com\/HANNIline.family","article_modified_time":"2024-10-25T18:53:36+00:00","og_image":[{"width":1200,"height":600,"url":"https:\/\/hanniline.at\/wp-content\/uploads\/2023\/07\/socialmedia-preview-HANNIline.jpg","type":"image\/jpeg"}],"twitter_card":"summary_large_image","twitter_misc":{"Dur\u00e9e de lecture estim\u00e9e":"5 minutes"},"schema":{"@context":"https:\/\/schema.org","@graph":[{"@type":"WebPage","@id":"https:\/\/hanniline.at\/fr\/malvorlagen\/","url":"https:\/\/hanniline.at\/fr\/malvorlagen\/","name":"Mod\u00e8les \u00e0 colorier - HANNIline","isPartOf":{"@id":"https:\/\/hanniline.at\/fr\/#website"},"datePublished":"2024-01-08T14:22:30+00:00","dateModified":"2024-10-25T18:53:36+00:00","breadcrumb":{"@id":"https:\/\/hanniline.at\/fr\/malvorlagen\/#breadcrumb"},"inLanguage":"fr-FR","potentialAction":[{"@type":"ReadAction","target":["https:\/\/hanniline.at\/fr\/malvorlagen\/"]}]},{"@type":"BreadcrumbList","@id":"https:\/\/hanniline.at\/fr\/malvorlagen\/#breadcrumb","itemListElement":[{"@type":"ListItem","position":1,"name":"Startseite","item":"https:\/\/hanniline.at\/fr\/"},{"@type":"ListItem","position":2,"name":"Mod\u00e8les \u00e0 colorier"}]},{"@type":"WebSite","@id":"https:\/\/hanniline.at\/fr\/#website","url":"https:\/\/hanniline.at\/fr\/","name":"HANNIline","description":"p\u00e4dagogisch wertvolles Spielzeug f\u00fcr Babys und Kinder","publisher":{"@id":"https:\/\/hanniline.at\/fr\/#organization"},"potentialAction":[{"@type":"SearchAction","target":{"@type":"EntryPoint","urlTemplate":"https:\/\/hanniline.at\/fr\/?s={search_term_string}"},"query-input":{"@type":"PropertyValueSpecification","valueRequired":true,"valueName":"search_term_string"}}],"inLanguage":"fr-FR"},{"@type":"Organization","@id":"https:\/\/hanniline.at\/fr\/#organization","name":"HANNIline","url":"https:\/\/hanniline.at\/fr\/","logo":{"@type":"ImageObject","inLanguage":"fr-FR","@id":"https:\/\/hanniline.at\/fr\/#\/schema\/logo\/image\/","url":"https:\/\/hanniline.at\/wp-content\/uploads\/2023\/06\/HANNIline-logo.svg","contentUrl":"https:\/\/hanniline.at\/wp-content\/uploads\/2023\/06\/HANNIline-logo.svg","width":1,"height":1,"caption":"HANNIline"},"image":{"@id":"https:\/\/hanniline.at\/fr\/#\/schema\/logo\/image\/"},"sameAs":["https:\/\/www.facebook.com\/HANNIline.family","https:\/\/www.instagram.com\/hanniline.family"]}]}},"_links":{"self":[{"href":"https:\/\/hanniline.at\/fr\/wp-json\/wp\/v2\/pages\/9551","targetHints":{"allow":["GET"]}}],"collection":[{"href":"https:\/\/hanniline.at\/fr\/wp-json\/wp\/v2\/pages"}],"about":[{"href":"https:\/\/hanniline.at\/fr\/wp-json\/wp\/v2\/types\/page"}],"author":[{"embeddable":true,"href":"https:\/\/hanniline.at\/fr\/wp-json\/wp\/v2\/users\/2"}],"replies":[{"embeddable":true,"href":"https:\/\/hanniline.at\/fr\/wp-json\/wp\/v2\/comments?post=9551"}],"version-history":[{"count":9,"href":"https:\/\/hanniline.at\/fr\/wp-json\/wp\/v2\/pages\/9551\/revisions"}],"predecessor-version":[{"id":9641,"href":"https:\/\/hanniline.at\/fr\/wp-json\/wp\/v2\/pages\/9551\/revisions\/9641"}],"wp:attachment":[{"href":"https:\/\/hanniline.at\/fr\/wp-json\/wp\/v2\/media?parent=9551"}],"curies":[{"name":"wp","href":"https:\/\/api.w.org\/{rel}","templated":true}]}}