{"id":12619,"date":"2026-04-19T22:16:58","date_gmt":"2026-04-19T20:16:58","guid":{"rendered":"https:\/\/hanniline.at\/?post_type=product&#038;p=12619"},"modified":"2026-04-20T15:48:37","modified_gmt":"2026-04-20T13:48:37","slug":"xxl-mandala-tiere-ausmalposter","status":"publish","type":"product","link":"https:\/\/hanniline.at\/en\/produkt\/xxl-mandala-tiere-ausmalposter\/","title":{"rendered":"XXL Mandala Tiere"},"content":{"rendered":"<p>Das XXL Mandala schafft Raum f\u00fcr eine ruhige und kreative Auszeit. Beim Ausmalen der Muster k\u00f6nnen Kinder abschalten, sich konzentrieren und Schritt f\u00fcr Schritt ein einzigartiges Kunstwerk gestalten.<\/p>\n","protected":false},"excerpt":{"rendered":"<p>3 Ausmalposter<\/p>\n","protected":false},"featured_media":12635,"template":"","meta":{"_acf_changed":false},"product_brand":[],"product_cat":[15],"product_tag":[],"class_list":{"0":"post-12619","1":"product","2":"type-product","3":"status-publish","4":"has-post-thumbnail","6":"product_cat-uncategorized","7":"product_shipping_class-s","9":"first","10":"instock","11":"taxable","12":"shipping-taxable","13":"purchasable","14":"product-type-simple"},"acf":[],"yoast_head":"<!-- This site is optimized with the Yoast SEO plugin v27.5 - https:\/\/yoast.com\/product\/yoast-seo-wordpress\/ -->\n<title>XXL Mandala Tiere - HANNIline<\/title>\n<meta name=\"description\" content=\"Ausmalposter f\u00fcr Kinder mit 3 Motiven | \u00d8 65 cm gro\u00dfe Mandalas f\u00fcr kreative &amp; ruhige Besch\u00e4ftigung alleine oder gemeinsam ohne Bildschirm.\" \/>\n<meta name=\"robots\" content=\"index, follow, max-snippet:-1, max-image-preview:large, max-video-preview:-1\" \/>\n<link rel=\"canonical\" href=\"https:\/\/hanniline.at\/en\/produkt\/xxl-mandala-tiere-ausmalposter\/\" \/>\n<meta property=\"og:locale\" content=\"en_GB\" \/>\n<meta property=\"og:type\" content=\"article\" \/>\n<meta property=\"og:title\" content=\"XXL Mandala Tiere - HANNIline\" \/>\n<meta property=\"og:description\" content=\"Ausmalposter f\u00fcr Kinder mit 3 Motiven | \u00d8 65 cm gro\u00dfe Mandalas f\u00fcr kreative &amp; ruhige Besch\u00e4ftigung alleine oder gemeinsam ohne Bildschirm.\" \/>\n<meta property=\"og:url\" content=\"https:\/\/hanniline.at\/en\/produkt\/xxl-mandala-tiere-ausmalposter\/\" \/>\n<meta property=\"og:site_name\" content=\"HANNIline\" \/>\n<meta property=\"article:publisher\" content=\"https:\/\/www.facebook.com\/HANNIline.family\" \/>\n<meta property=\"article:modified_time\" content=\"2026-04-20T13:48:37+00:00\" \/>\n<meta property=\"og:image\" content=\"https:\/\/hanniline.at\/wp-content\/uploads\/2026\/04\/HANNIline-Mandala-9.png\" \/>\n\t<meta property=\"og:image:width\" content=\"420\" \/>\n\t<meta property=\"og:image:height\" content=\"245\" \/>\n\t<meta property=\"og:image:type\" content=\"image\/png\" \/>\n<meta name=\"twitter:card\" content=\"summary_large_image\" \/>\n<meta name=\"twitter:label1\" content=\"Estimated reading time\" \/>\n\t<meta name=\"twitter:data1\" content=\"1 minute\" \/>\n<script type=\"application\/ld+json\" class=\"yoast-schema-graph\">{\"@context\":\"https:\\\/\\\/schema.org\",\"@graph\":[{\"@type\":\"WebPage\",\"@id\":\"https:\\\/\\\/hanniline.at\\\/en\\\/produkt\\\/xxl-mandala-tiere-ausmalposter\\\/\",\"url\":\"https:\\\/\\\/hanniline.at\\\/en\\\/produkt\\\/xxl-mandala-tiere-ausmalposter\\\/\",\"name\":\"XXL Mandala Tiere - HANNIline\",\"isPartOf\":{\"@id\":\"https:\\\/\\\/hanniline.at\\\/en\\\/#website\"},\"primaryImageOfPage\":{\"@id\":\"https:\\\/\\\/hanniline.at\\\/en\\\/produkt\\\/xxl-mandala-tiere-ausmalposter\\\/#primaryimage\"},\"image\":{\"@id\":\"https:\\\/\\\/hanniline.at\\\/en\\\/produkt\\\/xxl-mandala-tiere-ausmalposter\\\/#primaryimage\"},\"thumbnailUrl\":\"https:\\\/\\\/hanniline.at\\\/wp-content\\\/uploads\\\/2026\\\/04\\\/HANNIline-Mandala-9.png\",\"datePublished\":\"2026-04-19T20:16:58+00:00\",\"dateModified\":\"2026-04-20T13:48:37+00:00\",\"description\":\"Ausmalposter f\u00fcr Kinder mit 3 Motiven | \u00d8 65 cm gro\u00dfe Mandalas f\u00fcr kreative & ruhige Besch\u00e4ftigung alleine oder gemeinsam ohne Bildschirm.\",\"breadcrumb\":{\"@id\":\"https:\\\/\\\/hanniline.at\\\/en\\\/produkt\\\/xxl-mandala-tiere-ausmalposter\\\/#breadcrumb\"},\"inLanguage\":\"en-GB\",\"potentialAction\":[{\"@type\":\"ReadAction\",\"target\":[\"https:\\\/\\\/hanniline.at\\\/en\\\/produkt\\\/xxl-mandala-tiere-ausmalposter\\\/\"]}]},{\"@type\":\"ImageObject\",\"inLanguage\":\"en-GB\",\"@id\":\"https:\\\/\\\/hanniline.at\\\/en\\\/produkt\\\/xxl-mandala-tiere-ausmalposter\\\/#primaryimage\",\"url\":\"https:\\\/\\\/hanniline.at\\\/wp-content\\\/uploads\\\/2026\\\/04\\\/HANNIline-Mandala-9.png\",\"contentUrl\":\"https:\\\/\\\/hanniline.at\\\/wp-content\\\/uploads\\\/2026\\\/04\\\/HANNIline-Mandala-9.png\",\"width\":420,\"height\":245},{\"@type\":\"BreadcrumbList\",\"@id\":\"https:\\\/\\\/hanniline.at\\\/en\\\/produkt\\\/xxl-mandala-tiere-ausmalposter\\\/#breadcrumb\",\"itemListElement\":[{\"@type\":\"ListItem\",\"position\":1,\"name\":\"Startseite\",\"item\":\"https:\\\/\\\/hanniline.at\\\/en\\\/\"},{\"@type\":\"ListItem\",\"position\":2,\"name\":\"Shop\",\"item\":\"https:\\\/\\\/hanniline.at\\\/shop\\\/\"},{\"@type\":\"ListItem\",\"position\":3,\"name\":\"XXL Mandala Tiere\"}]},{\"@type\":\"WebSite\",\"@id\":\"https:\\\/\\\/hanniline.at\\\/en\\\/#website\",\"url\":\"https:\\\/\\\/hanniline.at\\\/en\\\/\",\"name\":\"HANNIline\",\"description\":\"p\u00e4dagogisch wertvolles Spielzeug f\u00fcr Babys und Kinder\",\"publisher\":{\"@id\":\"https:\\\/\\\/hanniline.at\\\/en\\\/#organization\"},\"potentialAction\":[{\"@type\":\"SearchAction\",\"target\":{\"@type\":\"EntryPoint\",\"urlTemplate\":\"https:\\\/\\\/hanniline.at\\\/en\\\/?s={search_term_string}\"},\"query-input\":{\"@type\":\"PropertyValueSpecification\",\"valueRequired\":true,\"valueName\":\"search_term_string\"}}],\"inLanguage\":\"en-GB\"},{\"@type\":\"Organization\",\"@id\":\"https:\\\/\\\/hanniline.at\\\/en\\\/#organization\",\"name\":\"HANNIline\",\"url\":\"https:\\\/\\\/hanniline.at\\\/en\\\/\",\"logo\":{\"@type\":\"ImageObject\",\"inLanguage\":\"en-GB\",\"@id\":\"https:\\\/\\\/hanniline.at\\\/en\\\/#\\\/schema\\\/logo\\\/image\\\/\",\"url\":\"https:\\\/\\\/hanniline.at\\\/wp-content\\\/uploads\\\/2023\\\/06\\\/HANNIline-logo.svg\",\"contentUrl\":\"https:\\\/\\\/hanniline.at\\\/wp-content\\\/uploads\\\/2023\\\/06\\\/HANNIline-logo.svg\",\"width\":1,\"height\":1,\"caption\":\"HANNIline\"},\"image\":{\"@id\":\"https:\\\/\\\/hanniline.at\\\/en\\\/#\\\/schema\\\/logo\\\/image\\\/\"},\"sameAs\":[\"https:\\\/\\\/www.facebook.com\\\/HANNIline.family\",\"https:\\\/\\\/www.instagram.com\\\/hanniline.family\"]}]}<\/script>\n<!-- \/ Yoast SEO plugin. -->","yoast_head_json":{"title":"XXL Mandala Tiere - HANNIline","description":"Ausmalposter f\u00fcr Kinder mit 3 Motiven | \u00d8 65 cm gro\u00dfe Mandalas f\u00fcr kreative & ruhige Besch\u00e4ftigung alleine oder gemeinsam ohne Bildschirm.","robots":{"index":"index","follow":"follow","max-snippet":"max-snippet:-1","max-image-preview":"max-image-preview:large","max-video-preview":"max-video-preview:-1"},"canonical":"https:\/\/hanniline.at\/en\/produkt\/xxl-mandala-tiere-ausmalposter\/","og_locale":"en_GB","og_type":"article","og_title":"XXL Mandala Tiere - HANNIline","og_description":"Ausmalposter f\u00fcr Kinder mit 3 Motiven | \u00d8 65 cm gro\u00dfe Mandalas f\u00fcr kreative & ruhige Besch\u00e4ftigung alleine oder gemeinsam ohne Bildschirm.","og_url":"https:\/\/hanniline.at\/en\/produkt\/xxl-mandala-tiere-ausmalposter\/","og_site_name":"HANNIline","article_publisher":"https:\/\/www.facebook.com\/HANNIline.family","article_modified_time":"2026-04-20T13:48:37+00:00","og_image":[{"width":420,"height":245,"url":"https:\/\/hanniline.at\/wp-content\/uploads\/2026\/04\/HANNIline-Mandala-9.png","type":"image\/png"}],"twitter_card":"summary_large_image","twitter_misc":{"Estimated reading time":"1 minute"},"schema":{"@context":"https:\/\/schema.org","@graph":[{"@type":"WebPage","@id":"https:\/\/hanniline.at\/en\/produkt\/xxl-mandala-tiere-ausmalposter\/","url":"https:\/\/hanniline.at\/en\/produkt\/xxl-mandala-tiere-ausmalposter\/","name":"XXL Mandala Tiere - HANNIline","isPartOf":{"@id":"https:\/\/hanniline.at\/en\/#website"},"primaryImageOfPage":{"@id":"https:\/\/hanniline.at\/en\/produkt\/xxl-mandala-tiere-ausmalposter\/#primaryimage"},"image":{"@id":"https:\/\/hanniline.at\/en\/produkt\/xxl-mandala-tiere-ausmalposter\/#primaryimage"},"thumbnailUrl":"https:\/\/hanniline.at\/wp-content\/uploads\/2026\/04\/HANNIline-Mandala-9.png","datePublished":"2026-04-19T20:16:58+00:00","dateModified":"2026-04-20T13:48:37+00:00","description":"Ausmalposter f\u00fcr Kinder mit 3 Motiven | \u00d8 65 cm gro\u00dfe Mandalas f\u00fcr kreative & ruhige Besch\u00e4ftigung alleine oder gemeinsam ohne Bildschirm.","breadcrumb":{"@id":"https:\/\/hanniline.at\/en\/produkt\/xxl-mandala-tiere-ausmalposter\/#breadcrumb"},"inLanguage":"en-GB","potentialAction":[{"@type":"ReadAction","target":["https:\/\/hanniline.at\/en\/produkt\/xxl-mandala-tiere-ausmalposter\/"]}]},{"@type":"ImageObject","inLanguage":"en-GB","@id":"https:\/\/hanniline.at\/en\/produkt\/xxl-mandala-tiere-ausmalposter\/#primaryimage","url":"https:\/\/hanniline.at\/wp-content\/uploads\/2026\/04\/HANNIline-Mandala-9.png","contentUrl":"https:\/\/hanniline.at\/wp-content\/uploads\/2026\/04\/HANNIline-Mandala-9.png","width":420,"height":245},{"@type":"BreadcrumbList","@id":"https:\/\/hanniline.at\/en\/produkt\/xxl-mandala-tiere-ausmalposter\/#breadcrumb","itemListElement":[{"@type":"ListItem","position":1,"name":"Startseite","item":"https:\/\/hanniline.at\/en\/"},{"@type":"ListItem","position":2,"name":"Shop","item":"https:\/\/hanniline.at\/shop\/"},{"@type":"ListItem","position":3,"name":"XXL Mandala Tiere"}]},{"@type":"WebSite","@id":"https:\/\/hanniline.at\/en\/#website","url":"https:\/\/hanniline.at\/en\/","name":"HANNIline","description":"p\u00e4dagogisch wertvolles Spielzeug f\u00fcr Babys und Kinder","publisher":{"@id":"https:\/\/hanniline.at\/en\/#organization"},"potentialAction":[{"@type":"SearchAction","target":{"@type":"EntryPoint","urlTemplate":"https:\/\/hanniline.at\/en\/?s={search_term_string}"},"query-input":{"@type":"PropertyValueSpecification","valueRequired":true,"valueName":"search_term_string"}}],"inLanguage":"en-GB"},{"@type":"Organization","@id":"https:\/\/hanniline.at\/en\/#organization","name":"HANNIline","url":"https:\/\/hanniline.at\/en\/","logo":{"@type":"ImageObject","inLanguage":"en-GB","@id":"https:\/\/hanniline.at\/en\/#\/schema\/logo\/image\/","url":"https:\/\/hanniline.at\/wp-content\/uploads\/2023\/06\/HANNIline-logo.svg","contentUrl":"https:\/\/hanniline.at\/wp-content\/uploads\/2023\/06\/HANNIline-logo.svg","width":1,"height":1,"caption":"HANNIline"},"image":{"@id":"https:\/\/hanniline.at\/en\/#\/schema\/logo\/image\/"},"sameAs":["https:\/\/www.facebook.com\/HANNIline.family","https:\/\/www.instagram.com\/hanniline.family"]}]}},"_links":{"self":[{"href":"https:\/\/hanniline.at\/en\/wp-json\/wp\/v2\/product\/12619","targetHints":{"allow":["GET"]}}],"collection":[{"href":"https:\/\/hanniline.at\/en\/wp-json\/wp\/v2\/product"}],"about":[{"href":"https:\/\/hanniline.at\/en\/wp-json\/wp\/v2\/types\/product"}],"wp:featuredmedia":[{"embeddable":true,"href":"https:\/\/hanniline.at\/en\/wp-json\/wp\/v2\/media\/12635"}],"wp:attachment":[{"href":"https:\/\/hanniline.at\/en\/wp-json\/wp\/v2\/media?parent=12619"}],"wp:term":[{"taxonomy":"product_brand","embeddable":true,"href":"https:\/\/hanniline.at\/en\/wp-json\/wp\/v2\/product_brand?post=12619"},{"taxonomy":"product_cat","embeddable":true,"href":"https:\/\/hanniline.at\/en\/wp-json\/wp\/v2\/product_cat?post=12619"},{"taxonomy":"product_tag","embeddable":true,"href":"https:\/\/hanniline.at\/en\/wp-json\/wp\/v2\/product_tag?post=12619"}],"curies":[{"name":"wp","href":"https:\/\/api.w.org\/{rel}","templated":true}]}}