{"id":10804,"date":"2025-09-23T15:26:14","date_gmt":"2025-09-23T13:26:14","guid":{"rendered":"https:\/\/hanniline.at\/?post_type=product&#038;p=10804"},"modified":"2026-05-01T08:21:04","modified_gmt":"2026-05-01T06:21:04","slug":"vorteils-set-gefuehlskarten-1-und-2","status":"publish","type":"product","link":"https:\/\/hanniline.at\/en\/produkt\/vorteils-set-gefuehlskarten-1-und-2\/","title":{"rendered":"Vorteils-Set Gef\u00fchlskarten 1 &amp; 2"},"content":{"rendered":"<p>Gef\u00fchlskarten 1 und Gef\u00fchlskarten 2 im Vorteils- Set.<\/p>\n","protected":false},"excerpt":{"rendered":"<p>2-7 Jahre | 2 Produkte im Vorteils-Set<\/p>\n","protected":false},"featured_media":10841,"template":"","meta":{"_acf_changed":false},"product_brand":[],"product_cat":[42],"product_tag":[],"class_list":{"0":"post-10804","1":"product","2":"type-product","3":"status-publish","4":"has-post-thumbnail","6":"product_cat-gefuehlskarten","8":"first","9":"instock","10":"sale","11":"taxable","12":"shipping-taxable","13":"purchasable","14":"product-type-woosb"},"acf":[],"yoast_head":"<!-- This site is optimized with the Yoast SEO plugin v27.5 - https:\/\/yoast.com\/product\/yoast-seo-wordpress\/ -->\n<title>Vorteils-Set Gef\u00fchlskarten 1 &amp; 2 - HANNIline<\/title>\n<meta name=\"description\" content=\"2 Gef\u00fchlskarten Sets mit 22 Gef\u00fchlen ab 2 Jahren unterst\u00fctzen die emotionale Entwicklung und st\u00e4rken die soziale Kompetenz deines Kindes.\" \/>\n<meta name=\"robots\" content=\"index, follow, max-snippet:-1, max-image-preview:large, max-video-preview:-1\" \/>\n<link rel=\"canonical\" href=\"https:\/\/hanniline.at\/en\/produkt\/vorteils-set-gefuehlskarten-1-und-2\/\" \/>\n<meta property=\"og:locale\" content=\"en_GB\" \/>\n<meta property=\"og:type\" content=\"article\" \/>\n<meta property=\"og:title\" content=\"Vorteils-Set Gef\u00fchlskarten 1 &amp; 2 - HANNIline\" \/>\n<meta property=\"og:description\" content=\"2 Gef\u00fchlskarten Sets mit 22 Gef\u00fchlen ab 2 Jahren unterst\u00fctzen die emotionale Entwicklung und st\u00e4rken die soziale Kompetenz deines Kindes.\" \/>\n<meta property=\"og:url\" content=\"https:\/\/hanniline.at\/en\/produkt\/vorteils-set-gefuehlskarten-1-und-2\/\" \/>\n<meta property=\"og:site_name\" content=\"HANNIline\" \/>\n<meta property=\"article:publisher\" content=\"https:\/\/www.facebook.com\/HANNIline.family\" \/>\n<meta property=\"article:modified_time\" content=\"2026-05-01T06:21:04+00:00\" \/>\n<meta property=\"og:image\" content=\"https:\/\/hanniline.at\/wp-content\/uploads\/2025\/09\/HANNIline-GK-1-und-GK-2.png\" \/>\n\t<meta property=\"og:image:width\" content=\"840\" \/>\n\t<meta property=\"og:image:height\" content=\"490\" \/>\n\t<meta property=\"og:image:type\" content=\"image\/png\" \/>\n<meta name=\"twitter:card\" content=\"summary_large_image\" \/>\n<meta name=\"twitter:label1\" content=\"Estimated reading time\" \/>\n\t<meta name=\"twitter:data1\" content=\"1 minute\" \/>\n<script type=\"application\/ld+json\" class=\"yoast-schema-graph\">{\"@context\":\"https:\\\/\\\/schema.org\",\"@graph\":[{\"@type\":\"WebPage\",\"@id\":\"https:\\\/\\\/hanniline.at\\\/en\\\/produkt\\\/vorteils-set-gefuehlskarten-1-und-2\\\/\",\"url\":\"https:\\\/\\\/hanniline.at\\\/en\\\/produkt\\\/vorteils-set-gefuehlskarten-1-und-2\\\/\",\"name\":\"Vorteils-Set Gef\u00fchlskarten 1 &amp; 2 - HANNIline\",\"isPartOf\":{\"@id\":\"https:\\\/\\\/hanniline.at\\\/en\\\/#website\"},\"primaryImageOfPage\":{\"@id\":\"https:\\\/\\\/hanniline.at\\\/en\\\/produkt\\\/vorteils-set-gefuehlskarten-1-und-2\\\/#primaryimage\"},\"image\":{\"@id\":\"https:\\\/\\\/hanniline.at\\\/en\\\/produkt\\\/vorteils-set-gefuehlskarten-1-und-2\\\/#primaryimage\"},\"thumbnailUrl\":\"https:\\\/\\\/hanniline.at\\\/wp-content\\\/uploads\\\/2025\\\/09\\\/HANNIline-GK-1-und-GK-2.png\",\"datePublished\":\"2025-09-23T13:26:14+00:00\",\"dateModified\":\"2026-05-01T06:21:04+00:00\",\"description\":\"2 Gef\u00fchlskarten Sets mit 22 Gef\u00fchlen ab 2 Jahren unterst\u00fctzen die emotionale Entwicklung und st\u00e4rken die soziale Kompetenz deines Kindes.\",\"breadcrumb\":{\"@id\":\"https:\\\/\\\/hanniline.at\\\/en\\\/produkt\\\/vorteils-set-gefuehlskarten-1-und-2\\\/#breadcrumb\"},\"inLanguage\":\"en-GB\",\"potentialAction\":[{\"@type\":\"ReadAction\",\"target\":[\"https:\\\/\\\/hanniline.at\\\/en\\\/produkt\\\/vorteils-set-gefuehlskarten-1-und-2\\\/\"]}]},{\"@type\":\"ImageObject\",\"inLanguage\":\"en-GB\",\"@id\":\"https:\\\/\\\/hanniline.at\\\/en\\\/produkt\\\/vorteils-set-gefuehlskarten-1-und-2\\\/#primaryimage\",\"url\":\"https:\\\/\\\/hanniline.at\\\/wp-content\\\/uploads\\\/2025\\\/09\\\/HANNIline-GK-1-und-GK-2.png\",\"contentUrl\":\"https:\\\/\\\/hanniline.at\\\/wp-content\\\/uploads\\\/2025\\\/09\\\/HANNIline-GK-1-und-GK-2.png\",\"width\":840,\"height\":490},{\"@type\":\"BreadcrumbList\",\"@id\":\"https:\\\/\\\/hanniline.at\\\/en\\\/produkt\\\/vorteils-set-gefuehlskarten-1-und-2\\\/#breadcrumb\",\"itemListElement\":[{\"@type\":\"ListItem\",\"position\":1,\"name\":\"Startseite\",\"item\":\"https:\\\/\\\/hanniline.at\\\/en\\\/\"},{\"@type\":\"ListItem\",\"position\":2,\"name\":\"Shop\",\"item\":\"https:\\\/\\\/hanniline.at\\\/shop\\\/\"},{\"@type\":\"ListItem\",\"position\":3,\"name\":\"Vorteils-Set Gef\u00fchlskarten 1 &amp; 2\"}]},{\"@type\":\"WebSite\",\"@id\":\"https:\\\/\\\/hanniline.at\\\/en\\\/#website\",\"url\":\"https:\\\/\\\/hanniline.at\\\/en\\\/\",\"name\":\"HANNIline\",\"description\":\"p\u00e4dagogisch wertvolles Spielzeug f\u00fcr Babys und Kinder\",\"publisher\":{\"@id\":\"https:\\\/\\\/hanniline.at\\\/en\\\/#organization\"},\"potentialAction\":[{\"@type\":\"SearchAction\",\"target\":{\"@type\":\"EntryPoint\",\"urlTemplate\":\"https:\\\/\\\/hanniline.at\\\/en\\\/?s={search_term_string}\"},\"query-input\":{\"@type\":\"PropertyValueSpecification\",\"valueRequired\":true,\"valueName\":\"search_term_string\"}}],\"inLanguage\":\"en-GB\"},{\"@type\":\"Organization\",\"@id\":\"https:\\\/\\\/hanniline.at\\\/en\\\/#organization\",\"name\":\"HANNIline\",\"url\":\"https:\\\/\\\/hanniline.at\\\/en\\\/\",\"logo\":{\"@type\":\"ImageObject\",\"inLanguage\":\"en-GB\",\"@id\":\"https:\\\/\\\/hanniline.at\\\/en\\\/#\\\/schema\\\/logo\\\/image\\\/\",\"url\":\"https:\\\/\\\/hanniline.at\\\/wp-content\\\/uploads\\\/2023\\\/06\\\/HANNIline-logo.svg\",\"contentUrl\":\"https:\\\/\\\/hanniline.at\\\/wp-content\\\/uploads\\\/2023\\\/06\\\/HANNIline-logo.svg\",\"width\":1,\"height\":1,\"caption\":\"HANNIline\"},\"image\":{\"@id\":\"https:\\\/\\\/hanniline.at\\\/en\\\/#\\\/schema\\\/logo\\\/image\\\/\"},\"sameAs\":[\"https:\\\/\\\/www.facebook.com\\\/HANNIline.family\",\"https:\\\/\\\/www.instagram.com\\\/hanniline.family\"]}]}<\/script>\n<!-- \/ Yoast SEO plugin. -->","yoast_head_json":{"title":"Vorteils-Set Gef\u00fchlskarten 1 &amp; 2 - HANNIline","description":"2 Gef\u00fchlskarten Sets mit 22 Gef\u00fchlen ab 2 Jahren unterst\u00fctzen die emotionale Entwicklung und st\u00e4rken die soziale Kompetenz deines Kindes.","robots":{"index":"index","follow":"follow","max-snippet":"max-snippet:-1","max-image-preview":"max-image-preview:large","max-video-preview":"max-video-preview:-1"},"canonical":"https:\/\/hanniline.at\/en\/produkt\/vorteils-set-gefuehlskarten-1-und-2\/","og_locale":"en_GB","og_type":"article","og_title":"Vorteils-Set Gef\u00fchlskarten 1 &amp; 2 - HANNIline","og_description":"2 Gef\u00fchlskarten Sets mit 22 Gef\u00fchlen ab 2 Jahren unterst\u00fctzen die emotionale Entwicklung und st\u00e4rken die soziale Kompetenz deines Kindes.","og_url":"https:\/\/hanniline.at\/en\/produkt\/vorteils-set-gefuehlskarten-1-und-2\/","og_site_name":"HANNIline","article_publisher":"https:\/\/www.facebook.com\/HANNIline.family","article_modified_time":"2026-05-01T06:21:04+00:00","og_image":[{"width":840,"height":490,"url":"https:\/\/hanniline.at\/wp-content\/uploads\/2025\/09\/HANNIline-GK-1-und-GK-2.png","type":"image\/png"}],"twitter_card":"summary_large_image","twitter_misc":{"Estimated reading time":"1 minute"},"schema":{"@context":"https:\/\/schema.org","@graph":[{"@type":"WebPage","@id":"https:\/\/hanniline.at\/en\/produkt\/vorteils-set-gefuehlskarten-1-und-2\/","url":"https:\/\/hanniline.at\/en\/produkt\/vorteils-set-gefuehlskarten-1-und-2\/","name":"Vorteils-Set Gef\u00fchlskarten 1 &amp; 2 - HANNIline","isPartOf":{"@id":"https:\/\/hanniline.at\/en\/#website"},"primaryImageOfPage":{"@id":"https:\/\/hanniline.at\/en\/produkt\/vorteils-set-gefuehlskarten-1-und-2\/#primaryimage"},"image":{"@id":"https:\/\/hanniline.at\/en\/produkt\/vorteils-set-gefuehlskarten-1-und-2\/#primaryimage"},"thumbnailUrl":"https:\/\/hanniline.at\/wp-content\/uploads\/2025\/09\/HANNIline-GK-1-und-GK-2.png","datePublished":"2025-09-23T13:26:14+00:00","dateModified":"2026-05-01T06:21:04+00:00","description":"2 Gef\u00fchlskarten Sets mit 22 Gef\u00fchlen ab 2 Jahren unterst\u00fctzen die emotionale Entwicklung und st\u00e4rken die soziale Kompetenz deines Kindes.","breadcrumb":{"@id":"https:\/\/hanniline.at\/en\/produkt\/vorteils-set-gefuehlskarten-1-und-2\/#breadcrumb"},"inLanguage":"en-GB","potentialAction":[{"@type":"ReadAction","target":["https:\/\/hanniline.at\/en\/produkt\/vorteils-set-gefuehlskarten-1-und-2\/"]}]},{"@type":"ImageObject","inLanguage":"en-GB","@id":"https:\/\/hanniline.at\/en\/produkt\/vorteils-set-gefuehlskarten-1-und-2\/#primaryimage","url":"https:\/\/hanniline.at\/wp-content\/uploads\/2025\/09\/HANNIline-GK-1-und-GK-2.png","contentUrl":"https:\/\/hanniline.at\/wp-content\/uploads\/2025\/09\/HANNIline-GK-1-und-GK-2.png","width":840,"height":490},{"@type":"BreadcrumbList","@id":"https:\/\/hanniline.at\/en\/produkt\/vorteils-set-gefuehlskarten-1-und-2\/#breadcrumb","itemListElement":[{"@type":"ListItem","position":1,"name":"Startseite","item":"https:\/\/hanniline.at\/en\/"},{"@type":"ListItem","position":2,"name":"Shop","item":"https:\/\/hanniline.at\/shop\/"},{"@type":"ListItem","position":3,"name":"Vorteils-Set Gef\u00fchlskarten 1 &amp; 2"}]},{"@type":"WebSite","@id":"https:\/\/hanniline.at\/en\/#website","url":"https:\/\/hanniline.at\/en\/","name":"HANNIline","description":"p\u00e4dagogisch wertvolles Spielzeug f\u00fcr Babys und Kinder","publisher":{"@id":"https:\/\/hanniline.at\/en\/#organization"},"potentialAction":[{"@type":"SearchAction","target":{"@type":"EntryPoint","urlTemplate":"https:\/\/hanniline.at\/en\/?s={search_term_string}"},"query-input":{"@type":"PropertyValueSpecification","valueRequired":true,"valueName":"search_term_string"}}],"inLanguage":"en-GB"},{"@type":"Organization","@id":"https:\/\/hanniline.at\/en\/#organization","name":"HANNIline","url":"https:\/\/hanniline.at\/en\/","logo":{"@type":"ImageObject","inLanguage":"en-GB","@id":"https:\/\/hanniline.at\/en\/#\/schema\/logo\/image\/","url":"https:\/\/hanniline.at\/wp-content\/uploads\/2023\/06\/HANNIline-logo.svg","contentUrl":"https:\/\/hanniline.at\/wp-content\/uploads\/2023\/06\/HANNIline-logo.svg","width":1,"height":1,"caption":"HANNIline"},"image":{"@id":"https:\/\/hanniline.at\/en\/#\/schema\/logo\/image\/"},"sameAs":["https:\/\/www.facebook.com\/HANNIline.family","https:\/\/www.instagram.com\/hanniline.family"]}]}},"_links":{"self":[{"href":"https:\/\/hanniline.at\/en\/wp-json\/wp\/v2\/product\/10804","targetHints":{"allow":["GET"]}}],"collection":[{"href":"https:\/\/hanniline.at\/en\/wp-json\/wp\/v2\/product"}],"about":[{"href":"https:\/\/hanniline.at\/en\/wp-json\/wp\/v2\/types\/product"}],"wp:featuredmedia":[{"embeddable":true,"href":"https:\/\/hanniline.at\/en\/wp-json\/wp\/v2\/media\/10841"}],"wp:attachment":[{"href":"https:\/\/hanniline.at\/en\/wp-json\/wp\/v2\/media?parent=10804"}],"wp:term":[{"taxonomy":"product_brand","embeddable":true,"href":"https:\/\/hanniline.at\/en\/wp-json\/wp\/v2\/product_brand?post=10804"},{"taxonomy":"product_cat","embeddable":true,"href":"https:\/\/hanniline.at\/en\/wp-json\/wp\/v2\/product_cat?post=10804"},{"taxonomy":"product_tag","embeddable":true,"href":"https:\/\/hanniline.at\/en\/wp-json\/wp\/v2\/product_tag?post=10804"}],"curies":[{"name":"wp","href":"https:\/\/api.w.org\/{rel}","templated":true}]}}